{"id":447,"date":"2023-07-04T15:26:44","date_gmt":"2023-07-04T15:26:44","guid":{"rendered":"https:\/\/folkirrika.eus\/?page_id=447"},"modified":"2025-07-24T15:30:13","modified_gmt":"2025-07-24T15:30:13","slug":"qui-sommes-nous","status":"publish","type":"page","link":"https:\/\/folkirrika.eus\/index.php\/fr\/qui-sommes-nous\/","title":{"rendered":"Qui sommes-nous?"},"content":{"rendered":"\n<p>Le festival est organis\u00e9 par un groupe d&#8217;amis de Navarre et Araba (Pays Basque du sud), de l&#8217;association Folkirrika. Son objectif est de fournir un espace pour cr\u00e9er des moments uniques de musique, de danse et d&#8217;apprentissage pendant trois jours, m\u00ealant Balfolk et danses traditionnelles basques. Un festival pour passer un bon moment en dansant et\/ou en jouant de la musique! Apr\u00e8s le succ\u00e8s des deux premi\u00e8res \u00e9ditions, nous sommes ravi.e.s de travailler sur cette troisi\u00e8me avec une plus grande jauge, un programme attractif et beaucoup de nouveaut\u00e9s, dans un lieu exceptionnel comme Kuartango Lab.<\/p>\n\n\n\n<p>Une <strong>petite vid\u00e9o<\/strong> de l&#8217;ann\u00e9e derni\u00e8re:<\/p>\n\n\n\n<figure class=\"wp-block-embed is-type-video is-provider-youtube wp-block-embed-youtube wp-embed-aspect-16-9 wp-has-aspect-ratio\"><div class=\"wp-block-embed__wrapper\">\n<iframe loading=\"lazy\" title=\"Folkirrika III - Balfolk jaialdia 2024\" width=\"580\" height=\"326\" src=\"https:\/\/www.youtube.com\/embed\/X6UAVl0eUF0?feature=oembed\" frameborder=\"0\" allow=\"accelerometer; autoplay; clipboard-write; encrypted-media; gyroscope; picture-in-picture; web-share\" referrerpolicy=\"strict-origin-when-cross-origin\" allowfullscreen><\/iframe>\n<\/div><\/figure>\n\n\n\n<p><strong>Mais&#8230; c\u2019est quoi le Balfolk?<\/strong> Vu que c\u2019est l\u2019\u00e9t\u00e9, pensons \u00e0\u2026une salade ! Un bol \u00e9norme rempli de danses, collectives et en couple, et qui dit danse dit musique, rencontre, plaisir, cr\u00e9ativit\u00e9, expression, introspection, apprentissage, connexion&#8230; tous ingr\u00e9dients \u00e9cologiques qui parcourent l\u2019Europe sans empreinte carbonne depuis des si\u00e8cles&#8230; et comme une bonne salade, chacun.e l\u2019assaisonne comme elle ou il veut, \u00e0 la mani\u00e8re traditionnelle de son village, ou avec une touche swing, une salsa exotique, une vinaigrette jazz ou \u00e0 l\u2019exp\u00e9rimentale&#8230; tout un monde \u00e0 (se) d\u00e9couvrir!<\/p>\n\n\n\n<figure class=\"wp-block-embed is-type-wp-embed is-provider-kuartango wp-block-embed-kuartango\"><div class=\"wp-block-embed__wrapper\">\n<blockquote class=\"wp-embedded-content\" data-secret=\"bt2uvHe4oQ\"><a href=\"https:\/\/kuartango.eus\/conoce-el-proyecto\/\">CONOCE EL PROYECTO<\/a><\/blockquote><iframe loading=\"lazy\" class=\"wp-embedded-content\" sandbox=\"allow-scripts\" security=\"restricted\" style=\"position: absolute; visibility: hidden;\" title=\"\u00abCONOCE EL PROYECTO\u00bb \u2014 KUARTANGO\" src=\"https:\/\/kuartango.eus\/conoce-el-proyecto\/embed\/#?secret=VIEpHZDGR3#?secret=bt2uvHe4oQ\" data-secret=\"bt2uvHe4oQ\" width=\"580\" height=\"327\" frameborder=\"0\" marginwidth=\"0\" marginheight=\"0\" scrolling=\"no\"><\/iframe>\n<\/div><\/figure>\n","protected":false},"excerpt":{"rendered":"<p>Le festival est organis\u00e9 par un groupe d&#8217;amis de Navarre et Araba (Pays Basque du sud), de l&#8217;association Folkirrika. Son objectif est de fournir un espace pour cr\u00e9er des moments uniques de musique, de danse et d&#8217;apprentissage pendant trois jours, m\u00ealant Balfolk et danses traditionnelles basques. Un festival pour passer un bon moment en dansant [&hellip;]<\/p>\n","protected":false},"author":1,"featured_media":976,"parent":0,"menu_order":0,"comment_status":"closed","ping_status":"closed","template":"","meta":{"footnotes":""},"class_list":["post-447","page","type-page","status-publish","has-post-thumbnail","hentry"],"yoast_head":"<!-- This site is optimized with the Yoast SEO plugin v23.1 - https:\/\/yoast.com\/wordpress\/plugins\/seo\/ -->\n<title>Qui sommes-nous? - Folkirrika<\/title>\n<meta name=\"robots\" content=\"index, follow, max-snippet:-1, max-image-preview:large, max-video-preview:-1\" \/>\n<link rel=\"canonical\" href=\"https:\/\/folkirrika.eus\/index.php\/fr\/qui-sommes-nous\/\" \/>\n<meta property=\"og:locale\" content=\"es_ES\" \/>\n<meta property=\"og:type\" content=\"article\" \/>\n<meta property=\"og:title\" content=\"Qui sommes-nous? - Folkirrika\" \/>\n<meta property=\"og:description\" content=\"Le festival est organis\u00e9 par un groupe d&#8217;amis de Navarre et Araba (Pays Basque du sud), de l&#8217;association Folkirrika. Son objectif est de fournir un espace pour cr\u00e9er des moments uniques de musique, de danse et d&#8217;apprentissage pendant trois jours, m\u00ealant Balfolk et danses traditionnelles basques. Un festival pour passer un bon moment en dansant [&hellip;]\" \/>\n<meta property=\"og:url\" content=\"https:\/\/folkirrika.eus\/index.php\/fr\/qui-sommes-nous\/\" \/>\n<meta property=\"og:site_name\" content=\"Folkirrika\" \/>\n<meta property=\"article:modified_time\" content=\"2025-07-24T15:30:13+00:00\" \/>\n<meta property=\"og:image\" content=\"https:\/\/folkirrika.eus\/wp-content\/uploads\/2024\/06\/IMG_9649-1-scaled-e1719593436697.jpg\" \/>\n\t<meta property=\"og:image:width\" content=\"2560\" \/>\n\t<meta property=\"og:image:height\" content=\"1920\" \/>\n\t<meta property=\"og:image:type\" content=\"image\/jpeg\" \/>\n<meta name=\"twitter:card\" content=\"summary_large_image\" \/>\n<meta name=\"twitter:label1\" content=\"Tiempo de lectura\" \/>\n\t<meta name=\"twitter:data1\" content=\"2 minutos\" \/>\n<script type=\"application\/ld+json\" class=\"yoast-schema-graph\">{\"@context\":\"https:\/\/schema.org\",\"@graph\":[{\"@type\":\"WebPage\",\"@id\":\"https:\/\/folkirrika.eus\/index.php\/fr\/qui-sommes-nous\/\",\"url\":\"https:\/\/folkirrika.eus\/index.php\/fr\/qui-sommes-nous\/\",\"name\":\"Qui sommes-nous? - Folkirrika\",\"isPartOf\":{\"@id\":\"https:\/\/folkirrika.eus\/#website\"},\"primaryImageOfPage\":{\"@id\":\"https:\/\/folkirrika.eus\/index.php\/fr\/qui-sommes-nous\/#primaryimage\"},\"image\":{\"@id\":\"https:\/\/folkirrika.eus\/index.php\/fr\/qui-sommes-nous\/#primaryimage\"},\"thumbnailUrl\":\"https:\/\/folkirrika.eus\/wp-content\/uploads\/2024\/06\/IMG_9649-1-scaled-e1719593436697.jpg\",\"datePublished\":\"2023-07-04T15:26:44+00:00\",\"dateModified\":\"2025-07-24T15:30:13+00:00\",\"breadcrumb\":{\"@id\":\"https:\/\/folkirrika.eus\/index.php\/fr\/qui-sommes-nous\/#breadcrumb\"},\"inLanguage\":\"es\",\"potentialAction\":[{\"@type\":\"ReadAction\",\"target\":[\"https:\/\/folkirrika.eus\/index.php\/fr\/qui-sommes-nous\/\"]}]},{\"@type\":\"ImageObject\",\"inLanguage\":\"es\",\"@id\":\"https:\/\/folkirrika.eus\/index.php\/fr\/qui-sommes-nous\/#primaryimage\",\"url\":\"https:\/\/folkirrika.eus\/wp-content\/uploads\/2024\/06\/IMG_9649-1-scaled-e1719593436697.jpg\",\"contentUrl\":\"https:\/\/folkirrika.eus\/wp-content\/uploads\/2024\/06\/IMG_9649-1-scaled-e1719593436697.jpg\",\"width\":2560,\"height\":1920},{\"@type\":\"BreadcrumbList\",\"@id\":\"https:\/\/folkirrika.eus\/index.php\/fr\/qui-sommes-nous\/#breadcrumb\",\"itemListElement\":[{\"@type\":\"ListItem\",\"position\":1,\"name\":\"Portada\",\"item\":\"https:\/\/folkirrika.eus\/index.php\/es\/\"},{\"@type\":\"ListItem\",\"position\":2,\"name\":\"Qui sommes-nous?\"}]},{\"@type\":\"WebSite\",\"@id\":\"https:\/\/folkirrika.eus\/#website\",\"url\":\"https:\/\/folkirrika.eus\/\",\"name\":\"Folkirrika\",\"description\":\"Balfolk dantzaldia \/ Festival de Balfolk\",\"publisher\":{\"@id\":\"https:\/\/folkirrika.eus\/#organization\"},\"potentialAction\":[{\"@type\":\"SearchAction\",\"target\":{\"@type\":\"EntryPoint\",\"urlTemplate\":\"https:\/\/folkirrika.eus\/?s={search_term_string}\"},\"query-input\":\"required name=search_term_string\"}],\"inLanguage\":\"es\"},{\"@type\":\"Organization\",\"@id\":\"https:\/\/folkirrika.eus\/#organization\",\"name\":\"Folkirrika\",\"url\":\"https:\/\/folkirrika.eus\/\",\"logo\":{\"@type\":\"ImageObject\",\"inLanguage\":\"es\",\"@id\":\"https:\/\/folkirrika.eus\/#\/schema\/logo\/image\/\",\"url\":\"https:\/\/folkirrika.eus\/wp-content\/uploads\/2023\/05\/Lovo-v1-letra-FOLKIRRIKA-b.jpg\",\"contentUrl\":\"https:\/\/folkirrika.eus\/wp-content\/uploads\/2023\/05\/Lovo-v1-letra-FOLKIRRIKA-b.jpg\",\"width\":1200,\"height\":896,\"caption\":\"Folkirrika\"},\"image\":{\"@id\":\"https:\/\/folkirrika.eus\/#\/schema\/logo\/image\/\"}}]}<\/script>\n<!-- \/ Yoast SEO plugin. -->","yoast_head_json":{"title":"Qui sommes-nous? - Folkirrika","robots":{"index":"index","follow":"follow","max-snippet":"max-snippet:-1","max-image-preview":"max-image-preview:large","max-video-preview":"max-video-preview:-1"},"canonical":"https:\/\/folkirrika.eus\/index.php\/fr\/qui-sommes-nous\/","og_locale":"es_ES","og_type":"article","og_title":"Qui sommes-nous? - Folkirrika","og_description":"Le festival est organis\u00e9 par un groupe d&#8217;amis de Navarre et Araba (Pays Basque du sud), de l&#8217;association Folkirrika. Son objectif est de fournir un espace pour cr\u00e9er des moments uniques de musique, de danse et d&#8217;apprentissage pendant trois jours, m\u00ealant Balfolk et danses traditionnelles basques. Un festival pour passer un bon moment en dansant [&hellip;]","og_url":"https:\/\/folkirrika.eus\/index.php\/fr\/qui-sommes-nous\/","og_site_name":"Folkirrika","article_modified_time":"2025-07-24T15:30:13+00:00","og_image":[{"width":2560,"height":1920,"url":"https:\/\/folkirrika.eus\/wp-content\/uploads\/2024\/06\/IMG_9649-1-scaled-e1719593436697.jpg","type":"image\/jpeg"}],"twitter_card":"summary_large_image","twitter_misc":{"Tiempo de lectura":"2 minutos"},"schema":{"@context":"https:\/\/schema.org","@graph":[{"@type":"WebPage","@id":"https:\/\/folkirrika.eus\/index.php\/fr\/qui-sommes-nous\/","url":"https:\/\/folkirrika.eus\/index.php\/fr\/qui-sommes-nous\/","name":"Qui sommes-nous? - Folkirrika","isPartOf":{"@id":"https:\/\/folkirrika.eus\/#website"},"primaryImageOfPage":{"@id":"https:\/\/folkirrika.eus\/index.php\/fr\/qui-sommes-nous\/#primaryimage"},"image":{"@id":"https:\/\/folkirrika.eus\/index.php\/fr\/qui-sommes-nous\/#primaryimage"},"thumbnailUrl":"https:\/\/folkirrika.eus\/wp-content\/uploads\/2024\/06\/IMG_9649-1-scaled-e1719593436697.jpg","datePublished":"2023-07-04T15:26:44+00:00","dateModified":"2025-07-24T15:30:13+00:00","breadcrumb":{"@id":"https:\/\/folkirrika.eus\/index.php\/fr\/qui-sommes-nous\/#breadcrumb"},"inLanguage":"es","potentialAction":[{"@type":"ReadAction","target":["https:\/\/folkirrika.eus\/index.php\/fr\/qui-sommes-nous\/"]}]},{"@type":"ImageObject","inLanguage":"es","@id":"https:\/\/folkirrika.eus\/index.php\/fr\/qui-sommes-nous\/#primaryimage","url":"https:\/\/folkirrika.eus\/wp-content\/uploads\/2024\/06\/IMG_9649-1-scaled-e1719593436697.jpg","contentUrl":"https:\/\/folkirrika.eus\/wp-content\/uploads\/2024\/06\/IMG_9649-1-scaled-e1719593436697.jpg","width":2560,"height":1920},{"@type":"BreadcrumbList","@id":"https:\/\/folkirrika.eus\/index.php\/fr\/qui-sommes-nous\/#breadcrumb","itemListElement":[{"@type":"ListItem","position":1,"name":"Portada","item":"https:\/\/folkirrika.eus\/index.php\/es\/"},{"@type":"ListItem","position":2,"name":"Qui sommes-nous?"}]},{"@type":"WebSite","@id":"https:\/\/folkirrika.eus\/#website","url":"https:\/\/folkirrika.eus\/","name":"Folkirrika","description":"Balfolk dantzaldia \/ Festival de Balfolk","publisher":{"@id":"https:\/\/folkirrika.eus\/#organization"},"potentialAction":[{"@type":"SearchAction","target":{"@type":"EntryPoint","urlTemplate":"https:\/\/folkirrika.eus\/?s={search_term_string}"},"query-input":"required name=search_term_string"}],"inLanguage":"es"},{"@type":"Organization","@id":"https:\/\/folkirrika.eus\/#organization","name":"Folkirrika","url":"https:\/\/folkirrika.eus\/","logo":{"@type":"ImageObject","inLanguage":"es","@id":"https:\/\/folkirrika.eus\/#\/schema\/logo\/image\/","url":"https:\/\/folkirrika.eus\/wp-content\/uploads\/2023\/05\/Lovo-v1-letra-FOLKIRRIKA-b.jpg","contentUrl":"https:\/\/folkirrika.eus\/wp-content\/uploads\/2023\/05\/Lovo-v1-letra-FOLKIRRIKA-b.jpg","width":1200,"height":896,"caption":"Folkirrika"},"image":{"@id":"https:\/\/folkirrika.eus\/#\/schema\/logo\/image\/"}}]}},"_links":{"self":[{"href":"https:\/\/folkirrika.eus\/index.php\/wp-json\/wp\/v2\/pages\/447","targetHints":{"allow":["GET"]}}],"collection":[{"href":"https:\/\/folkirrika.eus\/index.php\/wp-json\/wp\/v2\/pages"}],"about":[{"href":"https:\/\/folkirrika.eus\/index.php\/wp-json\/wp\/v2\/types\/page"}],"author":[{"embeddable":true,"href":"https:\/\/folkirrika.eus\/index.php\/wp-json\/wp\/v2\/users\/1"}],"replies":[{"embeddable":true,"href":"https:\/\/folkirrika.eus\/index.php\/wp-json\/wp\/v2\/comments?post=447"}],"version-history":[{"count":8,"href":"https:\/\/folkirrika.eus\/index.php\/wp-json\/wp\/v2\/pages\/447\/revisions"}],"predecessor-version":[{"id":1641,"href":"https:\/\/folkirrika.eus\/index.php\/wp-json\/wp\/v2\/pages\/447\/revisions\/1641"}],"wp:featuredmedia":[{"embeddable":true,"href":"https:\/\/folkirrika.eus\/index.php\/wp-json\/wp\/v2\/media\/976"}],"wp:attachment":[{"href":"https:\/\/folkirrika.eus\/index.php\/wp-json\/wp\/v2\/media?parent=447"}],"curies":[{"name":"wp","href":"https:\/\/api.w.org\/{rel}","templated":true}]}}