{"id":7,"date":"2023-05-25T07:52:51","date_gmt":"2023-05-25T07:52:51","guid":{"rendered":"http:\/\/xmskxnz.cluster027.hosting.ovh.net\/?page_id=7"},"modified":"2025-07-24T11:32:54","modified_gmt":"2025-07-24T11:32:54","slug":"acerca-de","status":"publish","type":"page","link":"https:\/\/folkirrika.eus\/index.php\/es\/acerca-de\/","title":{"rendered":"Qui\u00e9nes somos"},"content":{"rendered":"\n<p>El festival est\u00e1 organizado por un grupo de amig@s de Nafarroa y Araba, de la asociaci\u00f3n Folkirrika. Su objetivo es proporcionar un espacio para crear momentos \u00fanicos de m\u00fasica, baile y aprendizajes durante tres d\u00edas. Un festival para pasarlo bien bailando y\/o tocando m\u00fasica! Tras el \u00e9xito de las tres primeras ediciones, estamos entusiasmad@s trabajando en la cuarta con un aforo mayor, un programa atractivo y un mont\u00f3n de novedades, en un lugar excepcional como es Kuartango Lab:<\/p>\n\n\n\n<p>Os dejamos un <strong>v\u00eddeo-resumen<\/strong> del a\u00f1o pasado:<\/p>\n\n\n\n<figure class=\"wp-block-embed is-type-video is-provider-youtube wp-block-embed-youtube wp-embed-aspect-16-9 wp-has-aspect-ratio\"><div class=\"wp-block-embed__wrapper\">\n<iframe loading=\"lazy\" title=\"Folkirrika III - Balfolk jaialdia 2024\" width=\"580\" height=\"326\" src=\"https:\/\/www.youtube.com\/embed\/X6UAVl0eUF0?feature=oembed\" frameborder=\"0\" allow=\"accelerometer; autoplay; clipboard-write; encrypted-media; gyroscope; picture-in-picture; web-share\" referrerpolicy=\"strict-origin-when-cross-origin\" allowfullscreen><\/iframe>\n<\/div><\/figure>\n\n\n\n<p><strong>Pero&#8230; qu\u00e9 es eso de Balfolk?<\/strong> Ya que estamos en verano, pensemos en&#8230; una ensalada! Un cuenco enorme lleno de danzas, colectivas y en pareja, y quien dice danzas dice m\u00fasica, encuentro, diversi\u00f3n, creatividad, expresi\u00f3n, introspecci\u00f3n, aprendizaje, conexi\u00f3n&#8230; todos ingredientes ecol\u00f3gicos que recorren toda Europa sin huella de carbono desde hace siglos&#8230; y como toda buena ensalada, cada cual la adereza como m\u00e1s le gusta, a la manera tradicional de su pueblo, o con un toque swing, una salsa ex\u00f3tica, un ali\u00f1o jazz o de manera experimental&#8230; todo un mundo por descubrir(se)!<\/p>\n\n\n\n<figure class=\"wp-block-embed is-type-wp-embed is-provider-kuartango wp-block-embed-kuartango\"><div class=\"wp-block-embed__wrapper\">\n<blockquote class=\"wp-embedded-content\" data-secret=\"b2F2wy7x2c\"><a href=\"https:\/\/kuartango.eus\/conoce-el-proyecto\/\">CONOCE EL PROYECTO<\/a><\/blockquote><iframe loading=\"lazy\" class=\"wp-embedded-content\" sandbox=\"allow-scripts\" security=\"restricted\" style=\"position: absolute; visibility: hidden;\" title=\"\u00abCONOCE EL PROYECTO\u00bb \u2014 KUARTANGO\" src=\"https:\/\/kuartango.eus\/conoce-el-proyecto\/embed\/#?secret=AIp1OMedAl#?secret=b2F2wy7x2c\" data-secret=\"b2F2wy7x2c\" width=\"580\" height=\"327\" frameborder=\"0\" marginwidth=\"0\" marginheight=\"0\" scrolling=\"no\"><\/iframe>\n<\/div><\/figure>\n","protected":false},"excerpt":{"rendered":"<p>El festival est\u00e1 organizado por un grupo de amig@s de Nafarroa y Araba, de la asociaci\u00f3n Folkirrika. Su objetivo es proporcionar un espacio para crear momentos \u00fanicos de m\u00fasica, baile y aprendizajes durante tres d\u00edas. Un festival para pasarlo bien bailando y\/o tocando m\u00fasica! Tras el \u00e9xito de las tres primeras ediciones, estamos entusiasmad@s trabajando [&hellip;]<\/p>\n","protected":false},"author":1,"featured_media":979,"parent":0,"menu_order":0,"comment_status":"closed","ping_status":"closed","template":"","meta":{"footnotes":""},"class_list":["post-7","page","type-page","status-publish","has-post-thumbnail","hentry"],"yoast_head":"<!-- This site is optimized with the Yoast SEO plugin v23.1 - https:\/\/yoast.com\/wordpress\/plugins\/seo\/ -->\n<title>Qui\u00e9nes somos - Folkirrika<\/title>\n<meta name=\"robots\" content=\"index, follow, max-snippet:-1, max-image-preview:large, max-video-preview:-1\" \/>\n<link rel=\"canonical\" href=\"https:\/\/folkirrika.eus\/index.php\/es\/acerca-de\/\" \/>\n<meta property=\"og:locale\" content=\"es_ES\" \/>\n<meta property=\"og:type\" content=\"article\" \/>\n<meta property=\"og:title\" content=\"Qui\u00e9nes somos - Folkirrika\" \/>\n<meta property=\"og:description\" content=\"El festival est\u00e1 organizado por un grupo de amig@s de Nafarroa y Araba, de la asociaci\u00f3n Folkirrika. Su objetivo es proporcionar un espacio para crear momentos \u00fanicos de m\u00fasica, baile y aprendizajes durante tres d\u00edas. Un festival para pasarlo bien bailando y\/o tocando m\u00fasica! Tras el \u00e9xito de las tres primeras ediciones, estamos entusiasmad@s trabajando [&hellip;]\" \/>\n<meta property=\"og:url\" content=\"https:\/\/folkirrika.eus\/index.php\/es\/acerca-de\/\" \/>\n<meta property=\"og:site_name\" content=\"Folkirrika\" \/>\n<meta property=\"article:modified_time\" content=\"2025-07-24T11:32:54+00:00\" \/>\n<meta property=\"og:image\" content=\"https:\/\/folkirrika.eus\/wp-content\/uploads\/2024\/06\/IMG_9649-3-scaled.jpg\" \/>\n\t<meta property=\"og:image:width\" content=\"2560\" \/>\n\t<meta property=\"og:image:height\" content=\"1920\" \/>\n\t<meta property=\"og:image:type\" content=\"image\/jpeg\" \/>\n<meta name=\"twitter:card\" content=\"summary_large_image\" \/>\n<meta name=\"twitter:label1\" content=\"Tiempo de lectura\" \/>\n\t<meta name=\"twitter:data1\" content=\"1 minuto\" \/>\n<script type=\"application\/ld+json\" class=\"yoast-schema-graph\">{\"@context\":\"https:\/\/schema.org\",\"@graph\":[{\"@type\":\"WebPage\",\"@id\":\"https:\/\/folkirrika.eus\/index.php\/es\/acerca-de\/\",\"url\":\"https:\/\/folkirrika.eus\/index.php\/es\/acerca-de\/\",\"name\":\"Qui\u00e9nes somos - Folkirrika\",\"isPartOf\":{\"@id\":\"https:\/\/folkirrika.eus\/#website\"},\"primaryImageOfPage\":{\"@id\":\"https:\/\/folkirrika.eus\/index.php\/es\/acerca-de\/#primaryimage\"},\"image\":{\"@id\":\"https:\/\/folkirrika.eus\/index.php\/es\/acerca-de\/#primaryimage\"},\"thumbnailUrl\":\"https:\/\/folkirrika.eus\/wp-content\/uploads\/2024\/06\/IMG_9649-3-scaled.jpg\",\"datePublished\":\"2023-05-25T07:52:51+00:00\",\"dateModified\":\"2025-07-24T11:32:54+00:00\",\"breadcrumb\":{\"@id\":\"https:\/\/folkirrika.eus\/index.php\/es\/acerca-de\/#breadcrumb\"},\"inLanguage\":\"es\",\"potentialAction\":[{\"@type\":\"ReadAction\",\"target\":[\"https:\/\/folkirrika.eus\/index.php\/es\/acerca-de\/\"]}]},{\"@type\":\"ImageObject\",\"inLanguage\":\"es\",\"@id\":\"https:\/\/folkirrika.eus\/index.php\/es\/acerca-de\/#primaryimage\",\"url\":\"https:\/\/folkirrika.eus\/wp-content\/uploads\/2024\/06\/IMG_9649-3-scaled.jpg\",\"contentUrl\":\"https:\/\/folkirrika.eus\/wp-content\/uploads\/2024\/06\/IMG_9649-3-scaled.jpg\",\"width\":2560,\"height\":1920},{\"@type\":\"BreadcrumbList\",\"@id\":\"https:\/\/folkirrika.eus\/index.php\/es\/acerca-de\/#breadcrumb\",\"itemListElement\":[{\"@type\":\"ListItem\",\"position\":1,\"name\":\"Portada\",\"item\":\"https:\/\/folkirrika.eus\/index.php\/es\/\"},{\"@type\":\"ListItem\",\"position\":2,\"name\":\"Qui\u00e9nes somos\"}]},{\"@type\":\"WebSite\",\"@id\":\"https:\/\/folkirrika.eus\/#website\",\"url\":\"https:\/\/folkirrika.eus\/\",\"name\":\"Folkirrika\",\"description\":\"Balfolk dantzaldia \/ Festival de Balfolk\",\"publisher\":{\"@id\":\"https:\/\/folkirrika.eus\/#organization\"},\"potentialAction\":[{\"@type\":\"SearchAction\",\"target\":{\"@type\":\"EntryPoint\",\"urlTemplate\":\"https:\/\/folkirrika.eus\/?s={search_term_string}\"},\"query-input\":\"required name=search_term_string\"}],\"inLanguage\":\"es\"},{\"@type\":\"Organization\",\"@id\":\"https:\/\/folkirrika.eus\/#organization\",\"name\":\"Folkirrika\",\"url\":\"https:\/\/folkirrika.eus\/\",\"logo\":{\"@type\":\"ImageObject\",\"inLanguage\":\"es\",\"@id\":\"https:\/\/folkirrika.eus\/#\/schema\/logo\/image\/\",\"url\":\"https:\/\/folkirrika.eus\/wp-content\/uploads\/2023\/05\/Lovo-v1-letra-FOLKIRRIKA-b.jpg\",\"contentUrl\":\"https:\/\/folkirrika.eus\/wp-content\/uploads\/2023\/05\/Lovo-v1-letra-FOLKIRRIKA-b.jpg\",\"width\":1200,\"height\":896,\"caption\":\"Folkirrika\"},\"image\":{\"@id\":\"https:\/\/folkirrika.eus\/#\/schema\/logo\/image\/\"}}]}<\/script>\n<!-- \/ Yoast SEO plugin. -->","yoast_head_json":{"title":"Qui\u00e9nes somos - Folkirrika","robots":{"index":"index","follow":"follow","max-snippet":"max-snippet:-1","max-image-preview":"max-image-preview:large","max-video-preview":"max-video-preview:-1"},"canonical":"https:\/\/folkirrika.eus\/index.php\/es\/acerca-de\/","og_locale":"es_ES","og_type":"article","og_title":"Qui\u00e9nes somos - Folkirrika","og_description":"El festival est\u00e1 organizado por un grupo de amig@s de Nafarroa y Araba, de la asociaci\u00f3n Folkirrika. Su objetivo es proporcionar un espacio para crear momentos \u00fanicos de m\u00fasica, baile y aprendizajes durante tres d\u00edas. Un festival para pasarlo bien bailando y\/o tocando m\u00fasica! Tras el \u00e9xito de las tres primeras ediciones, estamos entusiasmad@s trabajando [&hellip;]","og_url":"https:\/\/folkirrika.eus\/index.php\/es\/acerca-de\/","og_site_name":"Folkirrika","article_modified_time":"2025-07-24T11:32:54+00:00","og_image":[{"width":2560,"height":1920,"url":"https:\/\/folkirrika.eus\/wp-content\/uploads\/2024\/06\/IMG_9649-3-scaled.jpg","type":"image\/jpeg"}],"twitter_card":"summary_large_image","twitter_misc":{"Tiempo de lectura":"1 minuto"},"schema":{"@context":"https:\/\/schema.org","@graph":[{"@type":"WebPage","@id":"https:\/\/folkirrika.eus\/index.php\/es\/acerca-de\/","url":"https:\/\/folkirrika.eus\/index.php\/es\/acerca-de\/","name":"Qui\u00e9nes somos - Folkirrika","isPartOf":{"@id":"https:\/\/folkirrika.eus\/#website"},"primaryImageOfPage":{"@id":"https:\/\/folkirrika.eus\/index.php\/es\/acerca-de\/#primaryimage"},"image":{"@id":"https:\/\/folkirrika.eus\/index.php\/es\/acerca-de\/#primaryimage"},"thumbnailUrl":"https:\/\/folkirrika.eus\/wp-content\/uploads\/2024\/06\/IMG_9649-3-scaled.jpg","datePublished":"2023-05-25T07:52:51+00:00","dateModified":"2025-07-24T11:32:54+00:00","breadcrumb":{"@id":"https:\/\/folkirrika.eus\/index.php\/es\/acerca-de\/#breadcrumb"},"inLanguage":"es","potentialAction":[{"@type":"ReadAction","target":["https:\/\/folkirrika.eus\/index.php\/es\/acerca-de\/"]}]},{"@type":"ImageObject","inLanguage":"es","@id":"https:\/\/folkirrika.eus\/index.php\/es\/acerca-de\/#primaryimage","url":"https:\/\/folkirrika.eus\/wp-content\/uploads\/2024\/06\/IMG_9649-3-scaled.jpg","contentUrl":"https:\/\/folkirrika.eus\/wp-content\/uploads\/2024\/06\/IMG_9649-3-scaled.jpg","width":2560,"height":1920},{"@type":"BreadcrumbList","@id":"https:\/\/folkirrika.eus\/index.php\/es\/acerca-de\/#breadcrumb","itemListElement":[{"@type":"ListItem","position":1,"name":"Portada","item":"https:\/\/folkirrika.eus\/index.php\/es\/"},{"@type":"ListItem","position":2,"name":"Qui\u00e9nes somos"}]},{"@type":"WebSite","@id":"https:\/\/folkirrika.eus\/#website","url":"https:\/\/folkirrika.eus\/","name":"Folkirrika","description":"Balfolk dantzaldia \/ Festival de Balfolk","publisher":{"@id":"https:\/\/folkirrika.eus\/#organization"},"potentialAction":[{"@type":"SearchAction","target":{"@type":"EntryPoint","urlTemplate":"https:\/\/folkirrika.eus\/?s={search_term_string}"},"query-input":"required name=search_term_string"}],"inLanguage":"es"},{"@type":"Organization","@id":"https:\/\/folkirrika.eus\/#organization","name":"Folkirrika","url":"https:\/\/folkirrika.eus\/","logo":{"@type":"ImageObject","inLanguage":"es","@id":"https:\/\/folkirrika.eus\/#\/schema\/logo\/image\/","url":"https:\/\/folkirrika.eus\/wp-content\/uploads\/2023\/05\/Lovo-v1-letra-FOLKIRRIKA-b.jpg","contentUrl":"https:\/\/folkirrika.eus\/wp-content\/uploads\/2023\/05\/Lovo-v1-letra-FOLKIRRIKA-b.jpg","width":1200,"height":896,"caption":"Folkirrika"},"image":{"@id":"https:\/\/folkirrika.eus\/#\/schema\/logo\/image\/"}}]}},"_links":{"self":[{"href":"https:\/\/folkirrika.eus\/index.php\/wp-json\/wp\/v2\/pages\/7","targetHints":{"allow":["GET"]}}],"collection":[{"href":"https:\/\/folkirrika.eus\/index.php\/wp-json\/wp\/v2\/pages"}],"about":[{"href":"https:\/\/folkirrika.eus\/index.php\/wp-json\/wp\/v2\/types\/page"}],"author":[{"embeddable":true,"href":"https:\/\/folkirrika.eus\/index.php\/wp-json\/wp\/v2\/users\/1"}],"replies":[{"embeddable":true,"href":"https:\/\/folkirrika.eus\/index.php\/wp-json\/wp\/v2\/comments?post=7"}],"version-history":[{"count":16,"href":"https:\/\/folkirrika.eus\/index.php\/wp-json\/wp\/v2\/pages\/7\/revisions"}],"predecessor-version":[{"id":1507,"href":"https:\/\/folkirrika.eus\/index.php\/wp-json\/wp\/v2\/pages\/7\/revisions\/1507"}],"wp:featuredmedia":[{"embeddable":true,"href":"https:\/\/folkirrika.eus\/index.php\/wp-json\/wp\/v2\/media\/979"}],"wp:attachment":[{"href":"https:\/\/folkirrika.eus\/index.php\/wp-json\/wp\/v2\/media?parent=7"}],"curies":[{"name":"wp","href":"https:\/\/api.w.org\/{rel}","templated":true}]}}